{"id":958,"date":"2021-02-23T12:25:50","date_gmt":"2021-02-23T12:25:50","guid":{"rendered":"https:\/\/www.dusanaskuhrova.sk\/index.php\/home\/"},"modified":"2023-11-11T18:17:04","modified_gmt":"2023-11-11T17:17:04","slug":"domov","status":"publish","type":"page","link":"https:\/\/www.dusanaskuhrova.sk\/","title":{"rendered":"Domov"},"content":{"rendered":"\t\t<div data-elementor-type=\"wp-page\" data-elementor-id=\"958\" class=\"elementor elementor-958\">\n\t\t\t\t\t\t<section class=\"elementor-section elementor-top-section elementor-element elementor-element-sfa3j2r elementor-section-height-min-height elementor-section-boxed elementor-section-height-default elementor-section-items-middle\" data-id=\"sfa3j2r\" data-element_type=\"section\" data-settings=\"{&quot;background_background&quot;:&quot;video&quot;,&quot;background_video_link&quot;:&quot;https:\\\/\\\/www.dusanaskuhrova.sk\\\/wp-content\\\/uploads\\\/2023\\\/08\\\/web-bannery.mp4&quot;,&quot;background_video_start&quot;:0,&quot;background_video_end&quot;:0,&quot;background_play_on_mobile&quot;:&quot;yes&quot;}\">\n\t\t\t\t\t\t\t\t<div class=\"elementor-background-video-container\">\n\t\t\t\t\t\t\t\t\t\t\t\t\t<video class=\"elementor-background-video-hosted elementor-html5-video\" autoplay muted playsinline loop><\/video>\n\t\t\t\t\t\t\t\t\t\t\t<\/div>\n\t\t\t\t\t\t\t\t\t<div class=\"elementor-background-overlay\"><\/div>\n\t\t\t\t\t\t\t<div class=\"elementor-container elementor-column-gap-default\">\n\t\t\t\t\t<div class=\"elementor-column elementor-col-100 elementor-top-column elementor-element elementor-element-467c426\" data-id=\"467c426\" data-element_type=\"column\">\n\t\t\t<div class=\"elementor-widget-wrap\">\n\t\t\t\t\t\t\t<\/div>\n\t\t<\/div>\n\t\t\t\t\t<\/div>\n\t\t<\/section>\n\t\t\t\t<section class=\"elementor-section elementor-top-section elementor-element elementor-element-g9cmnea elementor-section-content-middle elementor-section-boxed elementor-section-height-default elementor-section-height-default\" data-id=\"g9cmnea\" data-element_type=\"section\" data-settings=\"{&quot;background_background&quot;:&quot;classic&quot;}\">\n\t\t\t\t\t\t\t<div class=\"elementor-background-overlay\"><\/div>\n\t\t\t\t\t\t\t<div class=\"elementor-container elementor-column-gap-no\">\n\t\t\t\t\t<div class=\"elementor-column elementor-col-50 elementor-top-column elementor-element elementor-element-7c4d4fc\" data-id=\"7c4d4fc\" data-element_type=\"column\" data-settings=\"{&quot;background_background&quot;:&quot;classic&quot;}\">\n\t\t\t<div class=\"elementor-widget-wrap elementor-element-populated\">\n\t\t\t\t\t<div class=\"elementor-background-overlay\"><\/div>\n\t\t\t\t\t\t<div class=\"elementor-element elementor-element-f71383f elementor-widget elementor-widget-image\" data-id=\"f71383f\" data-element_type=\"widget\" data-widget_type=\"image.default\">\n\t\t\t\t<div class=\"elementor-widget-container\">\n\t\t\t\t\t\t\t\t\t\t\t\t\t<img fetchpriority=\"high\" decoding=\"async\" width=\"1920\" height=\"2560\" src=\"https:\/\/www.dusanaskuhrova.sk\/wp-content\/uploads\/2023\/08\/unnamed-scaled.jpg\" class=\"attachment-full size-full wp-image-1198\" alt=\"\" srcset=\"https:\/\/www.dusanaskuhrova.sk\/wp-content\/uploads\/2023\/08\/unnamed-scaled.jpg 1920w, https:\/\/www.dusanaskuhrova.sk\/wp-content\/uploads\/2023\/08\/unnamed-225x300.jpg 225w, https:\/\/www.dusanaskuhrova.sk\/wp-content\/uploads\/2023\/08\/unnamed-768x1024.jpg 768w, https:\/\/www.dusanaskuhrova.sk\/wp-content\/uploads\/2023\/08\/unnamed-1152x1536.jpg 1152w, https:\/\/www.dusanaskuhrova.sk\/wp-content\/uploads\/2023\/08\/unnamed-1536x2048.jpg 1536w\" sizes=\"(max-width: 1920px) 100vw, 1920px\" \/>\t\t\t\t\t\t\t\t\t\t\t\t\t<\/div>\n\t\t\t\t<\/div>\n\t\t\t\t\t<\/div>\n\t\t<\/div>\n\t\t\t\t<div class=\"elementor-column elementor-col-50 elementor-top-column elementor-element elementor-element-6f6465c\" data-id=\"6f6465c\" data-element_type=\"column\" data-settings=\"{&quot;background_background&quot;:&quot;classic&quot;}\">\n\t\t\t<div class=\"elementor-widget-wrap elementor-element-populated\">\n\t\t\t\t\t\t<div class=\"elementor-element elementor-element-726a5c3 elementor-widget elementor-widget-heading\" data-id=\"726a5c3\" data-element_type=\"widget\" data-widget_type=\"heading.default\">\n\t\t\t\t<div class=\"elementor-widget-container\">\n\t\t\t<h2 class=\"elementor-heading-title elementor-size-default\">Mgr. Du\u0161ana Skuhrov\u00e1<\/h2>\t\t<\/div>\n\t\t\t\t<\/div>\n\t\t\t\t<div class=\"elementor-element elementor-element-9506a11 elementor-widget elementor-widget-text-editor\" data-id=\"9506a11\" data-element_type=\"widget\" data-widget_type=\"text-editor.default\">\n\t\t\t\t<div class=\"elementor-widget-container\">\n\t\t\t\t\t\t\t<p>Som <strong>psychologi\u010dka<\/strong> a <strong>terapeutka<\/strong>. Z\u00e1ujemcov sprev\u00e1dzam na ceste za kraj\u0161\u00edm \u017eivotom. Zmyslom mojej pr\u00e1ce je vr\u00e1ti\u0165 klienta k jeho \u013eudskej podstate, slobode, zodpovednosti a pravdivosti o sebe samom. L<span class=\"elementor-icon-list-text\">ie\u010dim slovom. Pom\u00f4\u017eem v\u00e1m rozpozna\u0165 pravdu o sebe samom.<br \/><\/span><span class=\"elementor-icon-list-text\">TU a TERAZ.<\/span><\/p>\t\t\t\t\t\t<\/div>\n\t\t\t\t<\/div>\n\t\t\t\t<div class=\"elementor-element elementor-element-002a97c elementor-mobile-align-left elementor-widget elementor-widget-button\" data-id=\"002a97c\" data-element_type=\"widget\" data-widget_type=\"button.default\">\n\t\t\t\t<div class=\"elementor-widget-container\">\n\t\t\t\t\t\t\t<div class=\"elementor-button-wrapper\">\n\t\t\t\t\t<a class=\"elementor-button elementor-button-link elementor-size-sm\" href=\"https:\/\/www.dusanaskuhrova.sk\/index.php\/terapia\/\">\n\t\t\t\t\t\t<span class=\"elementor-button-content-wrapper\">\n\t\t\t\t\t\t\t\t\t<span class=\"elementor-button-text\">M\u00e1m z\u00e1ujem o sedenie<\/span>\n\t\t\t\t\t<\/span>\n\t\t\t\t\t<\/a>\n\t\t\t\t<\/div>\n\t\t\t\t\t\t<\/div>\n\t\t\t\t<\/div>\n\t\t\t\t\t<\/div>\n\t\t<\/div>\n\t\t\t\t\t<\/div>\n\t\t<\/section>\n\t\t\t\t<section class=\"elementor-section elementor-top-section elementor-element elementor-element-36zalay elementor-section-content-top elementor-section-boxed elementor-section-height-default elementor-section-height-default\" data-id=\"36zalay\" data-element_type=\"section\" data-settings=\"{&quot;background_background&quot;:&quot;classic&quot;}\">\n\t\t\t\t\t\t\t<div class=\"elementor-background-overlay\"><\/div>\n\t\t\t\t\t\t\t<div class=\"elementor-container elementor-column-gap-no\">\n\t\t\t\t\t<div class=\"elementor-column elementor-col-100 elementor-top-column elementor-element elementor-element-36e7ccd\" data-id=\"36e7ccd\" data-element_type=\"column\">\n\t\t\t<div class=\"elementor-widget-wrap elementor-element-populated\">\n\t\t\t\t\t\t<div class=\"elementor-element elementor-element-febb385 elementor-widget elementor-widget-heading\" data-id=\"febb385\" data-element_type=\"widget\" data-widget_type=\"heading.default\">\n\t\t\t\t<div class=\"elementor-widget-container\">\n\t\t\t<h1 class=\"elementor-heading-title elementor-size-xl\">Sedenie so mnou<\/h1>\t\t<\/div>\n\t\t\t\t<\/div>\n\t\t\t\t<div class=\"elementor-element elementor-element-610fe6f elementor-widget elementor-widget-text-editor\" data-id=\"610fe6f\" data-element_type=\"widget\" data-widget_type=\"text-editor.default\">\n\t\t\t\t<div class=\"elementor-widget-container\">\n\t\t\t\t\t\t\t<p>Venujem sa jednotlivcom aj skupin\u00e1m. Pracujem na dvoch miestach: v Bratislave a pri Trnave (v Doln\u00fdch Ore\u0161anoch)<\/p>\t\t\t\t\t\t<\/div>\n\t\t\t\t<\/div>\n\t\t\t\t<section class=\"elementor-section elementor-inner-section elementor-element elementor-element-ccd5186 elementor-section-boxed elementor-section-height-default elementor-section-height-default\" data-id=\"ccd5186\" data-element_type=\"section\">\n\t\t\t\t\t\t<div class=\"elementor-container elementor-column-gap-default\">\n\t\t\t\t\t<div class=\"elementor-column elementor-col-50 elementor-inner-column elementor-element elementor-element-a9e25dd\" data-id=\"a9e25dd\" data-element_type=\"column\">\n\t\t\t<div class=\"elementor-widget-wrap elementor-element-populated\">\n\t\t\t\t\t\t<div class=\"elementor-element elementor-element-28f61a1 elementor-view-default elementor-position-top elementor-mobile-position-top elementor-widget elementor-widget-icon-box\" data-id=\"28f61a1\" data-element_type=\"widget\" data-widget_type=\"icon-box.default\">\n\t\t\t\t<div class=\"elementor-widget-container\">\n\t\t\t\t\t<div class=\"elementor-icon-box-wrapper\">\n\n\t\t\t\t\t\t<div class=\"elementor-icon-box-icon\">\n\t\t\t\t<span  class=\"elementor-icon elementor-animation-\">\n\t\t\t\t<i aria-hidden=\"true\" class=\"fas fa-phone-alt\"><\/i>\t\t\t\t<\/span>\n\t\t\t<\/div>\n\t\t\t\n\t\t\t\t\t\t<div class=\"elementor-icon-box-content\">\n\n\t\t\t\t\n\t\t\t\t\t\t\t\t\t<p class=\"elementor-icon-box-description\">\n\t\t\t\t\t\t+421 911 354 911\t\t\t\t\t<\/p>\n\t\t\t\t\n\t\t\t<\/div>\n\t\t\t\n\t\t<\/div>\n\t\t\t\t<\/div>\n\t\t\t\t<\/div>\n\t\t\t\t\t<\/div>\n\t\t<\/div>\n\t\t\t\t<div class=\"elementor-column elementor-col-50 elementor-inner-column elementor-element elementor-element-a9604fe\" data-id=\"a9604fe\" data-element_type=\"column\">\n\t\t\t<div class=\"elementor-widget-wrap elementor-element-populated\">\n\t\t\t\t\t\t<div class=\"elementor-element elementor-element-6964533 elementor-view-default elementor-position-top elementor-mobile-position-top elementor-widget elementor-widget-icon-box\" data-id=\"6964533\" data-element_type=\"widget\" data-widget_type=\"icon-box.default\">\n\t\t\t\t<div class=\"elementor-widget-container\">\n\t\t\t\t\t<div class=\"elementor-icon-box-wrapper\">\n\n\t\t\t\t\t\t<div class=\"elementor-icon-box-icon\">\n\t\t\t\t<span  class=\"elementor-icon elementor-animation-\">\n\t\t\t\t<i aria-hidden=\"true\" class=\"fas fa-envelope\"><\/i>\t\t\t\t<\/span>\n\t\t\t<\/div>\n\t\t\t\n\t\t\t\t\t\t<div class=\"elementor-icon-box-content\">\n\n\t\t\t\t\n\t\t\t\t\t\t\t\t\t<p class=\"elementor-icon-box-description\">\n\t\t\t\t\t\tinfo@dusanaskuhrova.sk\t\t\t\t\t<\/p>\n\t\t\t\t\n\t\t\t<\/div>\n\t\t\t\n\t\t<\/div>\n\t\t\t\t<\/div>\n\t\t\t\t<\/div>\n\t\t\t\t\t<\/div>\n\t\t<\/div>\n\t\t\t\t\t<\/div>\n\t\t<\/section>\n\t\t\t\t\t<\/div>\n\t\t<\/div>\n\t\t\t\t\t<\/div>\n\t\t<\/section>\n\t\t\t\t<\/div>\n\t\t","protected":false},"excerpt":{"rendered":"<p>Mgr. Du\u0161ana Skuhrov\u00e1 Som psychologi\u010dka a terapeutka. Z\u00e1ujemcov sprev\u00e1dzam na ceste za kraj\u0161\u00edm \u017eivotom. Zmyslom mojej pr\u00e1ce je vr\u00e1ti\u0165 klienta k jeho \u013eudskej podstate, slobode, zodpovednosti a pravdivosti o sebe samom. Lie\u010dim slovom. Pom\u00f4\u017eem v\u00e1m rozpozna\u0165 pravdu o sebe samom.TU a TERAZ. M\u00e1m z\u00e1ujem o sedenie Sedenie so mnou Venujem sa jednotlivcom aj skupin\u00e1m. Pracujem [&hellip;]<\/p>\n","protected":false},"author":1,"featured_media":0,"parent":0,"menu_order":0,"comment_status":"closed","ping_status":"closed","template":"","meta":{"site-sidebar-layout":"no-sidebar","site-content-layout":"page-builder","ast-site-content-layout":"","site-content-style":"default","site-sidebar-style":"default","ast-global-header-display":"","ast-banner-title-visibility":"","ast-main-header-display":"","ast-hfb-above-header-display":"","ast-hfb-below-header-display":"","ast-hfb-mobile-header-display":"","site-post-title":"disabled","ast-breadcrumbs-content":"","ast-featured-img":"disabled","footer-sml-layout":"","theme-transparent-header-meta":"enabled","adv-header-id-meta":"","stick-header-meta":"","header-above-stick-meta":"","header-main-stick-meta":"","header-below-stick-meta":"","astra-migrate-meta-layouts":"default","ast-page-background-enabled":"default","ast-page-background-meta":{"desktop":{"background-color":"","background-image":"","background-repeat":"repeat","background-position":"center center","background-size":"auto","background-attachment":"scroll","background-type":"","background-media":"","overlay-type":"","overlay-color":"","overlay-opacity":"","overlay-gradient":""},"tablet":{"background-color":"","background-image":"","background-repeat":"repeat","background-position":"center center","background-size":"auto","background-attachment":"scroll","background-type":"","background-media":"","overlay-type":"","overlay-color":"","overlay-opacity":"","overlay-gradient":""},"mobile":{"background-color":"","background-image":"","background-repeat":"repeat","background-position":"center center","background-size":"auto","background-attachment":"scroll","background-type":"","background-media":"","overlay-type":"","overlay-color":"","overlay-opacity":"","overlay-gradient":""}},"ast-content-background-meta":{"desktop":{"background-color":"var(--ast-global-color-5)","background-image":"","background-repeat":"repeat","background-position":"center center","background-size":"auto","background-attachment":"scroll","background-type":"","background-media":"","overlay-type":"","overlay-color":"","overlay-opacity":"","overlay-gradient":""},"tablet":{"background-color":"var(--ast-global-color-5)","background-image":"","background-repeat":"repeat","background-position":"center center","background-size":"auto","background-attachment":"scroll","background-type":"","background-media":"","overlay-type":"","overlay-color":"","overlay-opacity":"","overlay-gradient":""},"mobile":{"background-color":"var(--ast-global-color-5)","background-image":"","background-repeat":"repeat","background-position":"center center","background-size":"auto","background-attachment":"scroll","background-type":"","background-media":"","overlay-type":"","overlay-color":"","overlay-opacity":"","overlay-gradient":""}},"footnotes":""},"class_list":["post-958","page","type-page","status-publish","hentry"],"yoast_head":"<!-- This site is optimized with the Yoast SEO plugin v23.7 - https:\/\/yoast.com\/wordpress\/plugins\/seo\/ -->\n<title>Domov - Du\u0161ana Skuhrov\u00e1 - psychol\u00f3g<\/title>\n<meta name=\"robots\" content=\"index, follow, max-snippet:-1, max-image-preview:large, max-video-preview:-1\" \/>\n<link rel=\"canonical\" href=\"https:\/\/www.dusanaskuhrova.sk\/\" \/>\n<meta property=\"og:locale\" content=\"sk_SK\" \/>\n<meta property=\"og:type\" content=\"article\" \/>\n<meta property=\"og:title\" content=\"Domov - Du\u0161ana Skuhrov\u00e1 - psychol\u00f3g\" \/>\n<meta property=\"og:description\" content=\"Mgr. Du\u0161ana Skuhrov\u00e1 Som psychologi\u010dka a terapeutka. Z\u00e1ujemcov sprev\u00e1dzam na ceste za kraj\u0161\u00edm \u017eivotom. Zmyslom mojej pr\u00e1ce je vr\u00e1ti\u0165 klienta k jeho \u013eudskej podstate, slobode, zodpovednosti a pravdivosti o sebe samom. Lie\u010dim slovom. Pom\u00f4\u017eem v\u00e1m rozpozna\u0165 pravdu o sebe samom.TU a TERAZ. M\u00e1m z\u00e1ujem o sedenie Sedenie so mnou Venujem sa jednotlivcom aj skupin\u00e1m. Pracujem [&hellip;]\" \/>\n<meta property=\"og:url\" content=\"https:\/\/www.dusanaskuhrova.sk\/\" \/>\n<meta property=\"og:site_name\" content=\"Du\u0161ana Skuhrov\u00e1 - psychol\u00f3g\" \/>\n<meta property=\"article:modified_time\" content=\"2023-11-11T17:17:04+00:00\" \/>\n<meta property=\"og:image\" content=\"https:\/\/www.dusanaskuhrova.sk\/wp-content\/uploads\/2023\/08\/unnamed-scaled.jpg\" \/>\n<meta name=\"twitter:card\" content=\"summary_large_image\" \/>\n<meta name=\"twitter:label1\" content=\"Predpokladan\u00fd \u010das \u010d\u00edtania\" \/>\n\t<meta name=\"twitter:data1\" content=\"1 min\u00fata\" \/>\n<script type=\"application\/ld+json\" class=\"yoast-schema-graph\">{\"@context\":\"https:\/\/schema.org\",\"@graph\":[{\"@type\":\"WebPage\",\"@id\":\"https:\/\/www.dusanaskuhrova.sk\/\",\"url\":\"https:\/\/www.dusanaskuhrova.sk\/\",\"name\":\"Domov - Du\u0161ana Skuhrov\u00e1 - psychol\u00f3g\",\"isPartOf\":{\"@id\":\"https:\/\/www.dusanaskuhrova.sk\/#website\"},\"primaryImageOfPage\":{\"@id\":\"https:\/\/www.dusanaskuhrova.sk\/#primaryimage\"},\"image\":{\"@id\":\"https:\/\/www.dusanaskuhrova.sk\/#primaryimage\"},\"thumbnailUrl\":\"https:\/\/www.dusanaskuhrova.sk\/wp-content\/uploads\/2023\/08\/unnamed-scaled.jpg\",\"datePublished\":\"2021-02-23T12:25:50+00:00\",\"dateModified\":\"2023-11-11T17:17:04+00:00\",\"breadcrumb\":{\"@id\":\"https:\/\/www.dusanaskuhrova.sk\/#breadcrumb\"},\"inLanguage\":\"sk-SK\",\"potentialAction\":[{\"@type\":\"ReadAction\",\"target\":[\"https:\/\/www.dusanaskuhrova.sk\/\"]}]},{\"@type\":\"ImageObject\",\"inLanguage\":\"sk-SK\",\"@id\":\"https:\/\/www.dusanaskuhrova.sk\/#primaryimage\",\"url\":\"https:\/\/www.dusanaskuhrova.sk\/wp-content\/uploads\/2023\/08\/unnamed-scaled.jpg\",\"contentUrl\":\"https:\/\/www.dusanaskuhrova.sk\/wp-content\/uploads\/2023\/08\/unnamed-scaled.jpg\",\"width\":1920,\"height\":2560},{\"@type\":\"BreadcrumbList\",\"@id\":\"https:\/\/www.dusanaskuhrova.sk\/#breadcrumb\",\"itemListElement\":[{\"@type\":\"ListItem\",\"position\":1,\"name\":\"Domovsk\u00e1 str\u00e1nka\",\"item\":\"https:\/\/www.dusanaskuhrova.sk\/\"},{\"@type\":\"ListItem\",\"position\":2,\"name\":\"Domov\"}]},{\"@type\":\"WebSite\",\"@id\":\"https:\/\/www.dusanaskuhrova.sk\/#website\",\"url\":\"https:\/\/www.dusanaskuhrova.sk\/\",\"name\":\"Du\u0161ana Skuhrov\u00e1 - psychol\u00f3g\",\"description\":\"\",\"publisher\":{\"@id\":\"https:\/\/www.dusanaskuhrova.sk\/#\/schema\/person\/bae62933c2a67f5797e3f7441b1c8610\"},\"potentialAction\":[{\"@type\":\"SearchAction\",\"target\":{\"@type\":\"EntryPoint\",\"urlTemplate\":\"https:\/\/www.dusanaskuhrova.sk\/?s={search_term_string}\"},\"query-input\":{\"@type\":\"PropertyValueSpecification\",\"valueRequired\":true,\"valueName\":\"search_term_string\"}}],\"inLanguage\":\"sk-SK\"},{\"@type\":[\"Person\",\"Organization\"],\"@id\":\"https:\/\/www.dusanaskuhrova.sk\/#\/schema\/person\/bae62933c2a67f5797e3f7441b1c8610\",\"name\":\"Du\u0161ana Skuhrov\u00e1\",\"image\":{\"@type\":\"ImageObject\",\"inLanguage\":\"sk-SK\",\"@id\":\"https:\/\/www.dusanaskuhrova.sk\/#\/schema\/person\/image\/\",\"url\":\"https:\/\/www.dusanaskuhrova.sk\/wp-content\/uploads\/2023\/07\/cropped-Dusana-Skuhrova-logo-1.png\",\"contentUrl\":\"https:\/\/www.dusanaskuhrova.sk\/wp-content\/uploads\/2023\/07\/cropped-Dusana-Skuhrova-logo-1.png\",\"width\":500,\"height\":231,\"caption\":\"Du\u0161ana Skuhrov\u00e1\"},\"logo\":{\"@id\":\"https:\/\/www.dusanaskuhrova.sk\/#\/schema\/person\/image\/\"},\"sameAs\":[\"https:\/\/www.dusanaskuhrova.sk\"]}]}<\/script>\n<!-- \/ Yoast SEO plugin. -->","yoast_head_json":{"title":"Domov - Du\u0161ana Skuhrov\u00e1 - psychol\u00f3g","robots":{"index":"index","follow":"follow","max-snippet":"max-snippet:-1","max-image-preview":"max-image-preview:large","max-video-preview":"max-video-preview:-1"},"canonical":"https:\/\/www.dusanaskuhrova.sk\/","og_locale":"sk_SK","og_type":"article","og_title":"Domov - Du\u0161ana Skuhrov\u00e1 - psychol\u00f3g","og_description":"Mgr. Du\u0161ana Skuhrov\u00e1 Som psychologi\u010dka a terapeutka. Z\u00e1ujemcov sprev\u00e1dzam na ceste za kraj\u0161\u00edm \u017eivotom. Zmyslom mojej pr\u00e1ce je vr\u00e1ti\u0165 klienta k jeho \u013eudskej podstate, slobode, zodpovednosti a pravdivosti o sebe samom. Lie\u010dim slovom. Pom\u00f4\u017eem v\u00e1m rozpozna\u0165 pravdu o sebe samom.TU a TERAZ. M\u00e1m z\u00e1ujem o sedenie Sedenie so mnou Venujem sa jednotlivcom aj skupin\u00e1m. Pracujem [&hellip;]","og_url":"https:\/\/www.dusanaskuhrova.sk\/","og_site_name":"Du\u0161ana Skuhrov\u00e1 - psychol\u00f3g","article_modified_time":"2023-11-11T17:17:04+00:00","og_image":[{"url":"https:\/\/www.dusanaskuhrova.sk\/wp-content\/uploads\/2023\/08\/unnamed-scaled.jpg"}],"twitter_card":"summary_large_image","twitter_misc":{"Predpokladan\u00fd \u010das \u010d\u00edtania":"1 min\u00fata"},"schema":{"@context":"https:\/\/schema.org","@graph":[{"@type":"WebPage","@id":"https:\/\/www.dusanaskuhrova.sk\/","url":"https:\/\/www.dusanaskuhrova.sk\/","name":"Domov - Du\u0161ana Skuhrov\u00e1 - psychol\u00f3g","isPartOf":{"@id":"https:\/\/www.dusanaskuhrova.sk\/#website"},"primaryImageOfPage":{"@id":"https:\/\/www.dusanaskuhrova.sk\/#primaryimage"},"image":{"@id":"https:\/\/www.dusanaskuhrova.sk\/#primaryimage"},"thumbnailUrl":"https:\/\/www.dusanaskuhrova.sk\/wp-content\/uploads\/2023\/08\/unnamed-scaled.jpg","datePublished":"2021-02-23T12:25:50+00:00","dateModified":"2023-11-11T17:17:04+00:00","breadcrumb":{"@id":"https:\/\/www.dusanaskuhrova.sk\/#breadcrumb"},"inLanguage":"sk-SK","potentialAction":[{"@type":"ReadAction","target":["https:\/\/www.dusanaskuhrova.sk\/"]}]},{"@type":"ImageObject","inLanguage":"sk-SK","@id":"https:\/\/www.dusanaskuhrova.sk\/#primaryimage","url":"https:\/\/www.dusanaskuhrova.sk\/wp-content\/uploads\/2023\/08\/unnamed-scaled.jpg","contentUrl":"https:\/\/www.dusanaskuhrova.sk\/wp-content\/uploads\/2023\/08\/unnamed-scaled.jpg","width":1920,"height":2560},{"@type":"BreadcrumbList","@id":"https:\/\/www.dusanaskuhrova.sk\/#breadcrumb","itemListElement":[{"@type":"ListItem","position":1,"name":"Domovsk\u00e1 str\u00e1nka","item":"https:\/\/www.dusanaskuhrova.sk\/"},{"@type":"ListItem","position":2,"name":"Domov"}]},{"@type":"WebSite","@id":"https:\/\/www.dusanaskuhrova.sk\/#website","url":"https:\/\/www.dusanaskuhrova.sk\/","name":"Du\u0161ana Skuhrov\u00e1 - psychol\u00f3g","description":"","publisher":{"@id":"https:\/\/www.dusanaskuhrova.sk\/#\/schema\/person\/bae62933c2a67f5797e3f7441b1c8610"},"potentialAction":[{"@type":"SearchAction","target":{"@type":"EntryPoint","urlTemplate":"https:\/\/www.dusanaskuhrova.sk\/?s={search_term_string}"},"query-input":{"@type":"PropertyValueSpecification","valueRequired":true,"valueName":"search_term_string"}}],"inLanguage":"sk-SK"},{"@type":["Person","Organization"],"@id":"https:\/\/www.dusanaskuhrova.sk\/#\/schema\/person\/bae62933c2a67f5797e3f7441b1c8610","name":"Du\u0161ana Skuhrov\u00e1","image":{"@type":"ImageObject","inLanguage":"sk-SK","@id":"https:\/\/www.dusanaskuhrova.sk\/#\/schema\/person\/image\/","url":"https:\/\/www.dusanaskuhrova.sk\/wp-content\/uploads\/2023\/07\/cropped-Dusana-Skuhrova-logo-1.png","contentUrl":"https:\/\/www.dusanaskuhrova.sk\/wp-content\/uploads\/2023\/07\/cropped-Dusana-Skuhrova-logo-1.png","width":500,"height":231,"caption":"Du\u0161ana Skuhrov\u00e1"},"logo":{"@id":"https:\/\/www.dusanaskuhrova.sk\/#\/schema\/person\/image\/"},"sameAs":["https:\/\/www.dusanaskuhrova.sk"]}]}},"_links":{"self":[{"href":"https:\/\/www.dusanaskuhrova.sk\/index.php\/wp-json\/wp\/v2\/pages\/958","targetHints":{"allow":["GET"]}}],"collection":[{"href":"https:\/\/www.dusanaskuhrova.sk\/index.php\/wp-json\/wp\/v2\/pages"}],"about":[{"href":"https:\/\/www.dusanaskuhrova.sk\/index.php\/wp-json\/wp\/v2\/types\/page"}],"author":[{"embeddable":true,"href":"https:\/\/www.dusanaskuhrova.sk\/index.php\/wp-json\/wp\/v2\/users\/1"}],"replies":[{"embeddable":true,"href":"https:\/\/www.dusanaskuhrova.sk\/index.php\/wp-json\/wp\/v2\/comments?post=958"}],"version-history":[{"count":18,"href":"https:\/\/www.dusanaskuhrova.sk\/index.php\/wp-json\/wp\/v2\/pages\/958\/revisions"}],"predecessor-version":[{"id":1221,"href":"https:\/\/www.dusanaskuhrova.sk\/index.php\/wp-json\/wp\/v2\/pages\/958\/revisions\/1221"}],"wp:attachment":[{"href":"https:\/\/www.dusanaskuhrova.sk\/index.php\/wp-json\/wp\/v2\/media?parent=958"}],"curies":[{"name":"wp","href":"https:\/\/api.w.org\/{rel}","templated":true}]}}